{"id":27,"date":"2015-06-01T13:04:43","date_gmt":"2015-06-01T13:04:43","guid":{"rendered":"http:\/\/www.cibernitro.cl\/?page_id=27"},"modified":"2023-11-30T01:27:47","modified_gmt":"2023-11-30T01:27:47","slug":"asesorias","status":"publish","type":"page","link":"https:\/\/www.cibernitro.cl\/index.php\/asesorias\/","title":{"rendered":"Asesorias"},"content":{"rendered":"\n<p><\/p>\n\n\n<section class=\"av_textblock_section \"  itemscope=\"itemscope\" itemtype=\"https:\/\/schema.org\/CreativeWork\" ><div class='avia_textblock  '   itemprop=\"text\" ><h1 style=\"text-align: center;\"><a href=\"https:\/\/www.cibernitro.cl\/wp-content\/uploads\/2015\/06\/Sin-t\u00edtulo-2.png\"><img loading=\"lazy\" decoding=\"async\" class=\" wp-image-23 aligncenter\" src=\"https:\/\/www.cibernitro.cl\/wp-content\/uploads\/2015\/06\/Sin-t\u00edtulo-2.png\" alt=\"Sin t\u00edtulo-2\" width=\"499\" height=\"120\" \/><\/a><\/h1>\n<h4 style=\"text-align: center;\">En CIBERNITRO contamos con una vasta experiencia en redes cableadas e inal\u00e1mbricas (wi-fi), ademas contamos con instaladores certificados en MIKROTIK Y UBIQUITI.<br \/>\nPoseemos la soluci\u00f3n para problemas de conectividad y anchos de banda para colegios y empresas<\/h4>\n<h4 style=\"text-align: center;\">P\u00f3ngase en contacto con nosotros para agendar una visita t\u00e9cnica y as\u00ed desarrollar un proyecto seg\u00fan sus necesidades y requerimientos<\/h4>\n<h3 style=\"text-align: center;\">Correo:<a href=\"mailto:contacto@cibernitro.c\">contacto@cibernitro.cl<\/a><\/h3>\n<h3 style=\"text-align: center;\">Fono: (72) 2574874 &#8211; +56957935263<\/h3>\n<p>\u00a0<\/p>\n<\/div><\/section>\n<div   data-autoplay='true'  data-interval='5'  data-animation='slide'  data-show_slide_delay='30'  class='avia-content-slider-element-container avia-content-slider-element-slider avia-content-slider avia-smallarrow-slider avia-content-slider-active avia-content-slider1 avia-content-slider-odd  avia-builder-el-1  el_after_av_textblock  avia-builder-el-last  av_inherit_color ' ><div class='avia-smallarrow-slider-heading '><div class='new-special-heading'><h3 class=''>Servicios<\/h3><\/div><div class='avia-slideshow-arrows avia-slideshow-controls'><a href='#prev' class='prev-slide' aria-hidden='true' data-av_icon='\ue87c' data-av_iconfont='entypo-fontello'>Anterior<\/a><a href='#next' class='next-slide' aria-hidden='true' data-av_icon='\ue87d' data-av_iconfont='entypo-fontello'>Posterior<\/a><\/div><\/div><div class='avia-content-slider-inner'><div class='slide-entry-wrap'><section class='slide-entry flex_column post-entry slide-entry-overview slide-loop-1 slide-parity-odd  av_fullwidth first'  itemscope=\"itemscope\" itemtype=\"https:\/\/schema.org\/CreativeWork\" ><h3 class='slide-entry-title entry-title '  itemprop=\"headline\" ><a href='https:\/\/www.cibernitro.cl\/index.php\/shortcodes\/buttons\/'  title='Control de Gastos'>Control de Gastos<\/a><\/h3><div class='slide-entry-excerpt entry-content'  itemprop=\"text\" ><p><a href=\"https:\/\/www.cibernitro.cl\/wp-content\/uploads\/2015\/06\/3.jpg\"><img loading=\"lazy\" decoding=\"async\" class=\"alignnone size-medium wp-image-76\" src=\"https:\/\/www.cibernitro.cl\/wp-content\/uploads\/2015\/06\/3-300x141.jpg\" alt=\"\" width=\"300\" height=\"141\" srcset=\"https:\/\/www.cibernitro.cl\/wp-content\/uploads\/2015\/06\/3-300x141.jpg 300w, https:\/\/www.cibernitro.cl\/wp-content\/uploads\/2015\/06\/3-1024x480.jpg 1024w, https:\/\/www.cibernitro.cl\/wp-content\/uploads\/2015\/06\/3.jpg 1600w\" sizes=\"(max-width: 300px) 100vw, 300px\" \/><\/a> Disminuya los <strong>Costos<\/strong> por mantenci\u00f3n de sus equipos y redes<\/p>\n<\/div><\/section><\/div><div class='slide-entry-wrap'><section class='slide-entry flex_column post-entry slide-entry-overview slide-loop-2 slide-parity-odd  av_fullwidth first'  itemscope=\"itemscope\" itemtype=\"https:\/\/schema.org\/CreativeWork\" ><h3 class='slide-entry-title entry-title '  itemprop=\"headline\" >Administracion<\/h3><div class='slide-entry-excerpt entry-content'  itemprop=\"text\" ><p><a href=\"https:\/\/www.cibernitro.cl\/wp-content\/uploads\/2015\/06\/dedo_tecnologico_ecm.jpg\"><img loading=\"lazy\" decoding=\"async\" class=\"alignnone size-medium wp-image-72\" src=\"https:\/\/www.cibernitro.cl\/wp-content\/uploads\/2015\/06\/dedo_tecnologico_ecm-300x200.jpg\" alt=\"\" width=\"300\" height=\"200\" srcset=\"https:\/\/www.cibernitro.cl\/wp-content\/uploads\/2015\/06\/dedo_tecnologico_ecm-300x200.jpg 300w, https:\/\/www.cibernitro.cl\/wp-content\/uploads\/2015\/06\/dedo_tecnologico_ecm-1024x683.jpg 1024w, https:\/\/www.cibernitro.cl\/wp-content\/uploads\/2015\/06\/dedo_tecnologico_ecm.jpg 1200w\" sizes=\"(max-width: 300px) 100vw, 300px\" \/><\/a> Controle el <strong>ancho de banda <\/strong>\u00a0de su Empresa o Escuela<\/p>\n<\/div><\/section><\/div><div class='slide-entry-wrap'><section class='slide-entry flex_column post-entry slide-entry-overview slide-loop-3 slide-parity-odd  av_fullwidth first'  itemscope=\"itemscope\" itemtype=\"https:\/\/schema.org\/CreativeWork\" ><h3 class='slide-entry-title entry-title '  itemprop=\"headline\" >Enlaces Inalambricos<\/h3><div class='slide-entry-excerpt entry-content'  itemprop=\"text\" ><p><a href=\"https:\/\/www.cibernitro.cl\/wp-content\/uploads\/2016\/10\/ubnt-colombia-53-728.jpg\"><img loading=\"lazy\" decoding=\"async\" class=\"alignnone size-medium wp-image-121\" src=\"https:\/\/www.cibernitro.cl\/wp-content\/uploads\/2016\/10\/ubnt-colombia-53-728-300x225.jpg\" alt=\"\" width=\"300\" height=\"225\" srcset=\"https:\/\/www.cibernitro.cl\/wp-content\/uploads\/2016\/10\/ubnt-colombia-53-728-300x225.jpg 300w, https:\/\/www.cibernitro.cl\/wp-content\/uploads\/2016\/10\/ubnt-colombia-53-728.jpg 728w\" sizes=\"(max-width: 300px) 100vw, 300px\" \/><\/a>\u00a0enlaces a <strong>empresas<\/strong> entre sucursales y <strong>colegios<\/strong><\/p>\n<\/div><\/section><\/div><div class='slide-entry-wrap'><section class='slide-entry flex_column post-entry slide-entry-overview slide-loop-4 slide-parity-odd  post-entry-last  av_fullwidth first'  itemscope=\"itemscope\" itemtype=\"https:\/\/schema.org\/CreativeWork\" ><h3 class='slide-entry-title entry-title '  itemprop=\"headline\" >Redes Wifi mesh<\/h3><div class='slide-entry-excerpt entry-content'  itemprop=\"text\" ><p><a href=\"https:\/\/www.cibernitro.cl\/wp-content\/uploads\/2015\/06\/unifi-pagina.png\"><img loading=\"lazy\" decoding=\"async\" class=\"alignnone size-medium wp-image-3252\" src=\"https:\/\/www.cibernitro.cl\/wp-content\/uploads\/2015\/06\/unifi-pagina-300x202.png\" alt=\"\" width=\"300\" height=\"202\" srcset=\"https:\/\/www.cibernitro.cl\/wp-content\/uploads\/2015\/06\/unifi-pagina-300x202.png 300w, https:\/\/www.cibernitro.cl\/wp-content\/uploads\/2015\/06\/unifi-pagina-768x516.png 768w, https:\/\/www.cibernitro.cl\/wp-content\/uploads\/2015\/06\/unifi-pagina-705x474.png 705w, https:\/\/www.cibernitro.cl\/wp-content\/uploads\/2015\/06\/unifi-pagina-450x302.png 450w, https:\/\/www.cibernitro.cl\/wp-content\/uploads\/2015\/06\/unifi-pagina.png 823w\" sizes=\"(max-width: 300px) 100vw, 300px\" \/><\/a>\u00a0La mejor <strong>conectividad<\/strong> sin desconexiones<\/p>\n<\/div><\/section><\/div><\/div><\/div>\n","protected":false},"excerpt":{"rendered":"","protected":false},"author":1,"featured_media":76,"parent":0,"menu_order":0,"comment_status":"open","ping_status":"open","template":"","meta":{"footnotes":""},"_links":{"self":[{"href":"https:\/\/www.cibernitro.cl\/index.php\/wp-json\/wp\/v2\/pages\/27"}],"collection":[{"href":"https:\/\/www.cibernitro.cl\/index.php\/wp-json\/wp\/v2\/pages"}],"about":[{"href":"https:\/\/www.cibernitro.cl\/index.php\/wp-json\/wp\/v2\/types\/page"}],"author":[{"embeddable":true,"href":"https:\/\/www.cibernitro.cl\/index.php\/wp-json\/wp\/v2\/users\/1"}],"replies":[{"embeddable":true,"href":"https:\/\/www.cibernitro.cl\/index.php\/wp-json\/wp\/v2\/comments?post=27"}],"version-history":[{"count":9,"href":"https:\/\/www.cibernitro.cl\/index.php\/wp-json\/wp\/v2\/pages\/27\/revisions"}],"predecessor-version":[{"id":3409,"href":"https:\/\/www.cibernitro.cl\/index.php\/wp-json\/wp\/v2\/pages\/27\/revisions\/3409"}],"wp:featuredmedia":[{"embeddable":true,"href":"https:\/\/www.cibernitro.cl\/index.php\/wp-json\/wp\/v2\/media\/76"}],"wp:attachment":[{"href":"https:\/\/www.cibernitro.cl\/index.php\/wp-json\/wp\/v2\/media?parent=27"}],"curies":[{"name":"wp","href":"https:\/\/api.w.org\/{rel}","templated":true}]}}