{"id":29,"date":"2015-06-01T13:05:00","date_gmt":"2015-06-01T13:05:00","guid":{"rendered":"http:\/\/www.cibernitro.cl\/?page_id=29"},"modified":"2016-10-04T12:20:11","modified_gmt":"2016-10-04T12:20:11","slug":"impresiones","status":"publish","type":"page","link":"https:\/\/www.cibernitro.cl\/index.php\/impresiones\/","title":{"rendered":"Impresiones"},"content":{"rendered":"<p><img loading=\"lazy\" decoding=\"async\" class=\"  aligncenter wp-image-22\" src=\"https:\/\/www.cibernitro.cl\/wp-content\/uploads\/2015\/06\/impresora.png\" alt=\"impresora\" width=\"209\" height=\"189\" \/><\/p>\n<h1><\/h1>\n<h1><\/h1>\n<h1>CIBERNITRO cuenta con el mas variado sistema de impresi\u00f3n \u00a0que va desde tarjetas de presentaci\u00f3n hasta fotograf\u00edas en tama\u00f1o a3 (42&#215;29,7 cm).<\/h1>\n<h2>Realizamos trabajos en:<\/h2>\n<ul>\n<li>\n<h3>CD\/DVD\/BLU-RAY<\/h3>\n<\/li>\n<li>\n<h3>Tarjetas pvc<\/h3>\n<\/li>\n<li>\n<h3>Fotos (10x15cm, 13x18cm, carta, oficio, a3)<\/h3>\n<\/li>\n<li>\n<h3>Impresi\u00f3n en papel magn\u00e9tico<\/h3>\n<\/li>\n<li>\n<h3>Impresi\u00f3n en papel adhesivo<\/h3>\n<\/li>\n<li>\n<h3>Impresi\u00f3n en papel adhesivo transparente<\/h3>\n<\/li>\n<li>\n<h3>Tarjetas confirmaci\u00f3n y bautizo<\/h3>\n<\/li>\n<\/ul>\n<p><a href=\"https:\/\/www.cibernitro.cl\/wp-content\/uploads\/2015\/06\/logos-03.png\"><img loading=\"lazy\" decoding=\"async\" class=\"  wp-image-16 aligncenter\" src=\"https:\/\/www.cibernitro.cl\/wp-content\/uploads\/2015\/06\/logos-03.png\" alt=\"logos-03\" width=\"638\" height=\"186\" \/><\/a><\/p>\n","protected":false},"excerpt":{"rendered":"<p>CIBERNITRO cuenta con el mas variado sistema de impresi\u00f3n \u00a0que va desde tarjetas de presentaci\u00f3n hasta fotograf\u00edas en tama\u00f1o a3 (42&#215;29,7 cm). Realizamos trabajos en: CD\/DVD\/BLU-RAY Tarjetas pvc Fotos (10x15cm, 13x18cm, carta, oficio, a3) Impresi\u00f3n en papel magn\u00e9tico Impresi\u00f3n en papel adhesivo Impresi\u00f3n en papel adhesivo transparente Tarjetas confirmaci\u00f3n y bautizo<\/p>\n","protected":false},"author":1,"featured_media":22,"parent":0,"menu_order":0,"comment_status":"open","ping_status":"open","template":"","meta":{"footnotes":""},"_links":{"self":[{"href":"https:\/\/www.cibernitro.cl\/index.php\/wp-json\/wp\/v2\/pages\/29"}],"collection":[{"href":"https:\/\/www.cibernitro.cl\/index.php\/wp-json\/wp\/v2\/pages"}],"about":[{"href":"https:\/\/www.cibernitro.cl\/index.php\/wp-json\/wp\/v2\/types\/page"}],"author":[{"embeddable":true,"href":"https:\/\/www.cibernitro.cl\/index.php\/wp-json\/wp\/v2\/users\/1"}],"replies":[{"embeddable":true,"href":"https:\/\/www.cibernitro.cl\/index.php\/wp-json\/wp\/v2\/comments?post=29"}],"version-history":[{"count":7,"href":"https:\/\/www.cibernitro.cl\/index.php\/wp-json\/wp\/v2\/pages\/29\/revisions"}],"predecessor-version":[{"id":115,"href":"https:\/\/www.cibernitro.cl\/index.php\/wp-json\/wp\/v2\/pages\/29\/revisions\/115"}],"wp:featuredmedia":[{"embeddable":true,"href":"https:\/\/www.cibernitro.cl\/index.php\/wp-json\/wp\/v2\/media\/22"}],"wp:attachment":[{"href":"https:\/\/www.cibernitro.cl\/index.php\/wp-json\/wp\/v2\/media?parent=29"}],"curies":[{"name":"wp","href":"https:\/\/api.w.org\/{rel}","templated":true}]}}